{"id":1554,"date":"2009-07-11T13:25:40","date_gmt":"2009-07-11T11:25:40","guid":{"rendered":"http:\/\/spielwiese-berlin.de\/blog\/?page_id=2"},"modified":"2024-10-22T23:01:45","modified_gmt":"2024-10-22T21:01:45","slug":"welcome-to-the-spielwiese","status":"publish","type":"page","link":"https:\/\/team-spielwiese.de\/en\/welcome-to-the-spielwiese\/","title":{"rendered":"Welcome"},"content":{"rendered":"<p><!--:de-->Die Spielwiese ist Berlins erste Ludothek mit Caf\u00e9 und Laden, gelegen im sch\u00f6nen Simon-Dach-Kiez im Stadtteil Friedrichshain. In der Spielwiese k\u00f6nnt Ihr Brett- und Kartenspiele im Caf\u00e9 spielen oder nach Hause entleihen. Au\u00dferdem vermieten die Spielwiese auf Anfrage auch f\u00fcr private Spielepartys.<\/p>\n<p>Die Spielwiese ist offen f\u00fcr alle. Menschen aus der ganzen Welt, egal welcher Religion, Geschlechtsorientierung oder politischer Einstellung und Spielerfahrung haben hier die M\u00f6glichkeit, sich zu treffen und eine sch\u00f6ne Zeit zu verbringen oder sich Spiele mit nach Hause zu entleihen.<br \/>\nDa das Prinzip der Nachhaltigkeit f\u00fcr uns sehr wichtig ist, versuchen wir neben der Benutzung von \u00d6kostrom auch haupts\u00e4chlich Produkte auf der Getr\u00e4nkekarte anzubieten, die keine weiten Wege auf sich zu nehmen haben und m\u00f6glichst BIO sind. Auf die Produkte der gro\u00dfen, internationalen Konzerne versuchen wir zu verzichten und setzen auf kleine, lokal Anbieter und Genossenschaften.<br \/>\nAuch der Verleih der Spiele folgt dem Prinzip der Nachhaltigkeit. Kaum ein Mensch kann eine solche Menge an Spielen bei sich zu Hause haben und diese auch benutzen. Bei uns gehen die Spiele durch sehr viele H\u00e4nde und verstauben nicht im Regal. Auch k\u00f6nnt ihr durch das Probespielen schon vor dem Kauf entscheiden, ob das Spiel \u00fcberhaupt f\u00fcr euch geeignet ist und so Fehlk\u00e4ufe vermeiden.<\/p>\n<p>Fast jeder wird hier in der Spielwiese ein Spiel finden, das ihm gef\u00e4llt. Wir f\u00fchren jedes Genre. Lediglich Rollenspiele, Tabletop Systeme und Sammelkartenspiele werdet ihr hier vergeblich suchen.<\/p>\n<p>Die Spielwiese ist am Montag von 18-23 Uhr, am Freitag von 18-24 Uhr und am Samstag von 15-24 Uhr ge\u00f6ffnet. Am Montag ist offener Spieleabend, d.h. die Spielgeb\u00fchr betr\u00e4gt 4\u20ac pro Person f\u00fcr den ganzen Abend. Am Freitag und Samstag betr\u00e4gt die Spielgeb\u00fchr pro Person 5\u20ac (inkl. Freigetr\u00e4nk) f\u00fcr die erste Stunde und jede weitere Stunde 2\u20ac.<\/p>\n<p>English version<\/p>\n<p><!--:--><!--:en-->Spielwiese is Berlin&#8217;s first game library with a cafe and store, situated in the beautiful Simon-Dach area of the Friedrichshain district. \u00a0For just a small fee, you can play board games in the cafe or rent them out to take home. We have an extensive collection of new and used games for sale, including unusual ones you won&#8217;t find in ordinary board game stores. In addition, we regularly host game events and can rent out the cafe for private game parties on request.<!--:--><\/p>","protected":false},"excerpt":{"rendered":"<p>Die Spielwiese ist Berlins erste Ludothek mit Caf\u00e9 und Laden, gelegen im sch\u00f6nen Simon-Dach-Kiez im Stadtteil Friedrichshain. In der Spielwiese k\u00f6nnt Ihr Brett- und Kartenspiele im Caf\u00e9 spielen oder nach Hause entleihen. Au\u00dferdem vermieten die Spielwiese auf Anfrage auch f\u00fcr private Spielepartys. Die Spielwiese ist offen f\u00fcr alle. Menschen aus der ganzen Welt, egal welcher&hellip;&nbsp;<\/p>","protected":false},"author":2,"featured_media":0,"parent":0,"menu_order":0,"comment_status":"closed","ping_status":"closed","template":"","meta":{"neve_meta_sidebar":"","neve_meta_container":"","neve_meta_enable_content_width":"","neve_meta_content_width":0,"neve_meta_title_alignment":"","neve_meta_author_avatar":"","neve_post_elements_order":"","neve_meta_disable_header":"","neve_meta_disable_footer":"","neve_meta_disable_title":"","footnotes":""},"class_list":["post-1554","page","type-page","status-publish","hentry"],"jetpack_sharing_enabled":true,"_links":{"self":[{"href":"https:\/\/team-spielwiese.de\/en\/wp-json\/wp\/v2\/pages\/1554","targetHints":{"allow":["GET"]}}],"collection":[{"href":"https:\/\/team-spielwiese.de\/en\/wp-json\/wp\/v2\/pages"}],"about":[{"href":"https:\/\/team-spielwiese.de\/en\/wp-json\/wp\/v2\/types\/page"}],"author":[{"embeddable":true,"href":"https:\/\/team-spielwiese.de\/en\/wp-json\/wp\/v2\/users\/2"}],"replies":[{"embeddable":true,"href":"https:\/\/team-spielwiese.de\/en\/wp-json\/wp\/v2\/comments?post=1554"}],"version-history":[{"count":1,"href":"https:\/\/team-spielwiese.de\/en\/wp-json\/wp\/v2\/pages\/1554\/revisions"}],"predecessor-version":[{"id":6237,"href":"https:\/\/team-spielwiese.de\/en\/wp-json\/wp\/v2\/pages\/1554\/revisions\/6237"}],"wp:attachment":[{"href":"https:\/\/team-spielwiese.de\/en\/wp-json\/wp\/v2\/media?parent=1554"}],"curies":[{"name":"wp","href":"https:\/\/api.w.org\/{rel}","templated":true}]}}