{"id":223,"date":"2023-07-13T01:20:43","date_gmt":"2023-07-12T23:20:43","guid":{"rendered":"http:\/\/team-spielwiese.de\/?page_id=223"},"modified":"2025-11-30T11:14:35","modified_gmt":"2025-11-30T10:14:35","slug":"home","status":"publish","type":"page","link":"https:\/\/team-spielwiese.de\/en\/","title":{"rendered":"Welcome"},"content":{"rendered":"<div data-elementor-type=\"wp-page\" data-elementor-id=\"223\" class=\"elementor elementor-223\">\n\t\t\t\t\t\t<section class=\"elementor-section elementor-top-section elementor-element elementor-element-61cf1271 elementor-section-boxed elementor-section-height-default elementor-section-height-default\" data-id=\"61cf1271\" data-element_type=\"section\" data-e-type=\"section\">\n\t\t\t\t\t\t<div class=\"elementor-container elementor-column-gap-default\">\n\t\t\t\t\t<div class=\"elementor-column elementor-col-100 elementor-top-column elementor-element elementor-element-2c80266e\" data-id=\"2c80266e\" data-element_type=\"column\" data-e-type=\"column\">\n\t\t\t<div class=\"elementor-widget-wrap elementor-element-populated\">\n\t\t\t\t\t\t<div class=\"elementor-element elementor-element-8aeac15 elementor-widget elementor-widget-image\" data-id=\"8aeac15\" data-element_type=\"widget\" data-e-type=\"widget\" data-widget_type=\"image.default\">\n\t\t\t\t<div class=\"elementor-widget-container\">\n\t\t\t\t\t\t\t\t\t\t\t\t\t\t\t<img fetchpriority=\"high\" decoding=\"async\" width=\"1024\" height=\"768\" src=\"https:\/\/team-spielwiese.de\/wp-content\/uploads\/2025\/08\/20250808_190220-1024x768.jpg\" class=\"attachment-large size-large wp-image-6316\" alt=\"\" srcset=\"https:\/\/team-spielwiese.de\/wp-content\/uploads\/2025\/08\/20250808_190220-1024x768.jpg 1024w, https:\/\/team-spielwiese.de\/wp-content\/uploads\/2025\/08\/20250808_190220-300x225.jpg 300w, https:\/\/team-spielwiese.de\/wp-content\/uploads\/2025\/08\/20250808_190220-768x576.jpg 768w, https:\/\/team-spielwiese.de\/wp-content\/uploads\/2025\/08\/20250808_190220-1536x1152.jpg 1536w, https:\/\/team-spielwiese.de\/wp-content\/uploads\/2025\/08\/20250808_190220-2048x1536.jpg 2048w, https:\/\/team-spielwiese.de\/wp-content\/uploads\/2025\/08\/20250808_190220-16x12.jpg 16w\" sizes=\"(max-width: 1024px) 100vw, 1024px\" \/>\t\t\t\t\t\t\t\t\t\t\t\t\t\t\t<\/div>\n\t\t\t\t<\/div>\n\t\t\t\t<div class=\"elementor-element elementor-element-237f6f64 elementor-widget elementor-widget-text-editor\" data-id=\"237f6f64\" data-element_type=\"widget\" data-e-type=\"widget\" data-widget_type=\"text-editor.default\">\n\t\t\t\t<div class=\"elementor-widget-container\">\n\t\t\t\t\t\t\t\t\t<p><strong>Welcome to the website of Spielwiese.<\/strong><\/p>\n<p><!-- \/wp:paragraph --><!-- wp:paragraph --><\/p>\n<p>Spielwiese is Berlin\u2019s first board game library with caf\u00e9 and shop, located in the beautiful Simon-Dach neighborhood in Friedrichshain. Since 2006, everything here has revolved around playing games. For a small fee, you can borrow board games and enjoy them either in our cozy caf\u00e9 or at home. Our collection includes both new and pre-owned titles, including unusual games that you may not find in conventional game stores.<\/p>\n<p><!-- \/wp:paragraph --><!-- wp:paragraph --><\/p>\n<p>Spielwiese offers more than an extensive game selection. We regularly organize events centered around gaming, where you can meet new people and spend time together. Our caf\u00e9 is also available for private game parties. If you are planning a distinctive celebration with friends or colleagues, you are welcome to reserve Spielwiese exclusively.<\/p><p>There are six tables for 4\u20136 people each, as well as two tables for two people. For larger groups, tables can be combined flexibly. Everyone is welcome. Whether you are from Berlin, elsewhere in Germany, or anywhere in the world, regardless of religion, sexual orientation, or political views, this is a place to meet and spend time together. You may also borrow games to take home and enjoy with family and friends.<\/p>\n<p><!-- \/wp:paragraph --><!-- wp:paragraph --><\/p>\n<p>Sustainability is an important principle for us. In addition to using green electricity, our drinks menu mainly features products with short delivery routes and, whenever possible, organic origin. We aim to avoid products from large international corporations and instead support small local suppliers and cooperatives. Our game lending model also follows this principle. Games are played regularly rather than gathering dust on shelves. By trying games before purchasing them, you can decide whether they suit your preferences and avoid unnecessary purchases.<\/p>\n<p><!-- \/wp:paragraph --><!-- wp:paragraph --><\/p>\n<p>At Spielwiese, you will find games from almost every genre, with the exception of role-playing games, tabletop systems, and collectible card games. Our aim is to offer a diverse selection and introduce you to engaging titles.<\/p>\n<p>Spielwiese is open Monday and Wednesday from 6 pm to 11 pm, Friday from 7 pm to midnight, and Saturday from 3 pm to midnight. On Monday and Wednesday, we host an open game night. The fee is \u20ac5 per person for the entire evening. On Friday and Saturday, the fee is \u20ac4 per person for the first hour and \u20ac2 for each additional hour.<\/p>\n<p><!-- \/wp:paragraph --><!-- wp:paragraph --><!-- \/wp:paragraph --><\/p>\t\t\t\t\t\t\t\t<\/div>\n\t\t\t\t<\/div>\n\t\t\t\t\t<\/div>\n\t\t<\/div>\n\t\t\t\t\t<\/div>\n\t\t<\/section>\n\t\t<div class=\"elementor-element elementor-element-0290fc7 e-flex e-con-boxed e-con e-parent\" data-id=\"0290fc7\" data-element_type=\"container\" data-e-type=\"container\">\n\t\t\t\t\t<div class=\"e-con-inner\">\n\t\t\t\t\t<\/div>\n\t\t\t\t<\/div>\n\t\t<div class=\"elementor-element elementor-element-456105c e-flex e-con-boxed e-con e-parent\" data-id=\"456105c\" data-element_type=\"container\" data-e-type=\"container\">\n\t\t\t\t\t<div class=\"e-con-inner\">\n\t\t\t\t\t<\/div>\n\t\t\t\t<\/div>\n\t\t\t\t<\/div>","protected":false},"excerpt":{"rendered":"<p>Willkommen auf der Website der Spielwiese! Die Spielwiese ist Berlins erste Ludothek mit Caf\u00e9 und Laden im wundersch\u00f6nen Simon-Dach-Kiez im Stadtteil Friedrichshain. Bei uns dreht sich seit 2006 alles um das Spielen! Mit einer kleinen Geb\u00fchr k\u00f6nnt ihr bei uns Brettspiele entleihen und entweder im gem\u00fctlichen Caf\u00e9 oder ganz bequem zu Hause spielen. Unser Sortiment&hellip;&nbsp;<\/p>","protected":false},"author":1,"featured_media":0,"parent":0,"menu_order":0,"comment_status":"closed","ping_status":"closed","template":"","meta":{"neve_meta_sidebar":"","neve_meta_container":"","neve_meta_enable_content_width":"","neve_meta_content_width":0,"neve_meta_title_alignment":"","neve_meta_author_avatar":"","neve_post_elements_order":"","neve_meta_disable_header":"","neve_meta_disable_footer":"","neve_meta_disable_title":"","footnotes":""},"class_list":["post-223","page","type-page","status-publish","hentry"],"jetpack_sharing_enabled":true,"_links":{"self":[{"href":"https:\/\/team-spielwiese.de\/en\/wp-json\/wp\/v2\/pages\/223","targetHints":{"allow":["GET"]}}],"collection":[{"href":"https:\/\/team-spielwiese.de\/en\/wp-json\/wp\/v2\/pages"}],"about":[{"href":"https:\/\/team-spielwiese.de\/en\/wp-json\/wp\/v2\/types\/page"}],"author":[{"embeddable":true,"href":"https:\/\/team-spielwiese.de\/en\/wp-json\/wp\/v2\/users\/1"}],"replies":[{"embeddable":true,"href":"https:\/\/team-spielwiese.de\/en\/wp-json\/wp\/v2\/comments?post=223"}],"version-history":[{"count":10,"href":"https:\/\/team-spielwiese.de\/en\/wp-json\/wp\/v2\/pages\/223\/revisions"}],"predecessor-version":[{"id":6370,"href":"https:\/\/team-spielwiese.de\/en\/wp-json\/wp\/v2\/pages\/223\/revisions\/6370"}],"wp:attachment":[{"href":"https:\/\/team-spielwiese.de\/en\/wp-json\/wp\/v2\/media?parent=223"}],"curies":[{"name":"wp","href":"https:\/\/api.w.org\/{rel}","templated":true}]}}