{"id":6103,"date":"2009-07-11T13:54:28","date_gmt":"2009-07-11T11:54:28","guid":{"rendered":"http:\/\/spielwiese-berlin.de\/blog\/?page_id=19"},"modified":"2009-07-11T13:54:28","modified_gmt":"2009-07-11T11:54:28","slug":"store","status":"publish","type":"page","link":"https:\/\/team-spielwiese.de\/en\/store\/","title":{"rendered":"Shop &amp; Caf\u00e9"},"content":{"rendered":"<p><!--:de--><img fetchpriority=\"high\" decoding=\"async\" class=\"alignleft size-full wp-image-329\" style=\"margin-bottom: 0px !important;\" src=\"http:\/\/team-spielwiese.de\/wp-content\/uploads\/2009\/07\/spielwiese-laden-1-1-1.jpg\" alt=\"\" width=\"327\" height=\"222\" \/> In unserem <strong>Laden<\/strong> hat schon manch einer ein Spiele-Sch\u00e4tzchen gefunden, dass er im klassischen Spielehandel nicht (mehr) bekommen hat. Unser Sortiment wird zweimal j\u00e4hrlich nach der internationalen Spielwarenmesse in N\u00fcrnberg im Fr\u00fchjahr und der SPIEL in Essen im Herbst mit den besten Neuheiten erweitert. Neben den Spielen der renommierten gro\u00dfen Verlage findet man bei uns auch Importspiele und Spiele kleinerer Berliner Verlage. Aus Kapazit\u00e4tsgr\u00fcnden k\u00f6nnen wir leider keine Liste aller vorhandenen Spiele im Internet bereit stellen. Wenn Ihr ein bestimmtes Spiel sucht, k\u00f6nnt Ihr uns aber einfach eine Email schreiben oder anrufen. Wir schauen gerne nach, ob wir das Spiel auf Lager. <img decoding=\"async\" class=\"alignleft size-full wp-image-331\" style=\"margin-bottom: 0px !important;\" src=\"http:\/\/team-spielwiese.de\/wp-content\/uploads\/2009\/07\/spielwiese-cafe-1-1-1.jpg\" alt=\"\" width=\"327\" height=\"222\" \/> Alle Spiele, die wir im Verleih haben, k\u00f6nnt Ihr auch bei uns im <strong>Caf\u00e9<\/strong> spielen. Dort gibt es nat\u00fcrlich au\u00dferdem so Einiges, womit man sich einen gem\u00fctlichen Spieleabend oder \u2013nachmittag noch versch\u00f6nern kann: leckeren Bio-Kaffee, Bio-Bier, Wein aus \u00d6sterreich, S\u00e4fte, Bio-Limos, Softdrinks, frisch zubereiteten Sandwich-Toasts, Knabbereien und S\u00fc\u00dfigkeiten. F\u00fcr das Spielen im Caf\u00e9 wird eine kleine Geb\u00fchr pro Person und Besuch erhoben. Die Spiele d\u00fcrfen w\u00e4hrend des Aufenthalts im Caf\u00e9 beliebig oft gewechselt werden.<\/p>\n<p>Erwachsene zahlen 2,00 \u20ac pro Stunde, wobei die erste Stunde mit 5,00 \u20ac berechnet wird, in der dann allerdings euer erstes Getr\u00e4nk (bis 3,20 \u20ac) schon enthalten ist. Kinder zahlen 1,50 \u20ac\/h, bzw. 4,00 \u20ac (inkl. Getr\u00e4nk) f\u00fcr die erste Stunde. Da die Auswahl an Spielen f\u00fcr Kleinkinder sehr begrenzt ist, zahlen Kinder unter 3 Jahren keine Spielgeb\u00fchr.<\/p>\n<p>Das Mitbringen eigener Speisen und Getr\u00e4nke ist grunds\u00e4tzlich <strong>nicht<\/strong> erlaubt. Die Spielwiese lebt von ihren Eink\u00fcnften und wir m\u00fcssten die Spielgeb\u00fchren drastisch erh\u00f6hen falls wir den Verzehr mitgebrachter Lebensmittel erlauben w\u00fcrden. Von dieser Regel gibt es allerdings auch Ausnahmen: Solltet ihr euren Geburtstag hier feiern wollen, d\u00fcrft ihr selbstverst\u00e4ndlich den Geburtstagskuchen selbst mitbringen. Reserviert in diesem Fall aber bitte auf jeden Fall rechtzeitig.<br \/>\nWichtig zu erw\u00e4hnen ist auch, dass es am Wochenende immer \u00f6fter vorkommt, dass die Spielwiese voll besetzt ist. Wenn ihr also vorhabt, spontan an einem Freitag oder Samstag zum spielen zu kommen, ruft bitte kurz vorher an um abzukl\u00e4ren, ob \u00fcberhaupt Platz f\u00fcr euch ist. Falls ihr l\u00e4ngerfristig plant, reicht es meistens eine Woche im voraus Pl\u00e4tze zu reservieren. Wie ihr am besten reserviert, steht auf der <a href=\"http:\/\/team-spielwiese.de\/en\/store\/contact-us\/\">Kontaktseite<\/a>.<\/p>\n<h3>Kartenzahlung<\/h3>\n<p>Ist bei uns mittlerweile auch m\u00f6glich. <!--:--><!--:en--><br \/>\n<!--:--><\/p>","protected":false},"excerpt":{"rendered":"<p>In unserem Laden hat schon manch einer ein Spiele-Sch\u00e4tzchen gefunden, dass er im klassischen Spielehandel nicht (mehr) bekommen hat. Unser Sortiment wird zweimal j\u00e4hrlich nach der internationalen Spielwarenmesse in N\u00fcrnberg im Fr\u00fchjahr und der SPIEL in Essen im Herbst mit den besten Neuheiten erweitert. Neben den Spielen der renommierten gro\u00dfen Verlage findet man bei uns&hellip;&nbsp;<\/p>","protected":false},"author":2,"featured_media":0,"parent":0,"menu_order":2,"comment_status":"closed","ping_status":"closed","template":"","meta":{"neve_meta_sidebar":"","neve_meta_container":"","neve_meta_enable_content_width":"","neve_meta_content_width":0,"neve_meta_title_alignment":"","neve_meta_author_avatar":"","neve_post_elements_order":"","neve_meta_disable_header":"","neve_meta_disable_footer":"","neve_meta_disable_title":"","footnotes":""},"class_list":["post-6103","page","type-page","status-publish","hentry"],"jetpack_sharing_enabled":false,"_links":{"self":[{"href":"https:\/\/team-spielwiese.de\/en\/wp-json\/wp\/v2\/pages\/6103","targetHints":{"allow":["GET"]}}],"collection":[{"href":"https:\/\/team-spielwiese.de\/en\/wp-json\/wp\/v2\/pages"}],"about":[{"href":"https:\/\/team-spielwiese.de\/en\/wp-json\/wp\/v2\/types\/page"}],"author":[{"embeddable":true,"href":"https:\/\/team-spielwiese.de\/en\/wp-json\/wp\/v2\/users\/2"}],"replies":[{"embeddable":true,"href":"https:\/\/team-spielwiese.de\/en\/wp-json\/wp\/v2\/comments?post=6103"}],"version-history":[{"count":0,"href":"https:\/\/team-spielwiese.de\/en\/wp-json\/wp\/v2\/pages\/6103\/revisions"}],"wp:attachment":[{"href":"https:\/\/team-spielwiese.de\/en\/wp-json\/wp\/v2\/media?parent=6103"}],"curies":[{"name":"wp","href":"https:\/\/api.w.org\/{rel}","templated":true}]}}