{"id":87,"date":"2023-07-12T22:26:31","date_gmt":"2023-07-12T20:26:31","guid":{"rendered":"http:\/\/team-spielwiese.de\/?page_id=87"},"modified":"2025-11-30T09:08:36","modified_gmt":"2025-11-30T08:08:36","slug":"laden-cafe","status":"publish","type":"page","link":"https:\/\/team-spielwiese.de\/en\/laden-cafe\/","title":{"rendered":"Shop &amp; Caf\u00e9"},"content":{"rendered":"<p><strong>Welcome to the Spielwiese shop &amp; caf\u00e9 - Discover games and enjoy cosy hours!<\/strong><\/p>\n\n\n\n<p>In unserem einzigartigen Laden findest du Sch\u00e4tze, die du im klassischen Spielehandel nicht (mehr) bekommen kannst. Unser Sortiment wird nach den wichtigsten Spielemessen erweitert, sodass du stets die besten Neuheiten entdecken kannst. Neben den Spielen renommierter gro\u00dfer Verlage f\u00fchren wir auch Importspiele und Spiele von kleineren Berliner Verlagen. Da unsere Kapazit\u00e4ten begrenzt sind, k\u00f6nnen wir leider keine Online-Liste aller vorhandenen Spiele bereitstellen. Wenn du jedoch ein bestimmtes Spiel suchst, kontaktiere uns einfach per E-Mail oder Telefon. Gerne schauen wir nach, ob wir das Spiel vorr\u00e4tig haben.<\/p>\n\n\n\n<p>In the Spielwiese caf\u00e9 you can not only borrow games, but also play them directly on site. A cosy atmosphere awaits you here, where you can indulge in delicious organic coffee, organic beer, Austrian wine, juices, organic sodas, soft drinks, freshly prepared sandwich toasts, nibbles and sweets. We charge a small fee per person per visit for gaming in the caf\u00e9. You may change games as often as you like during your stay and immerse yourself in the immersive gaming worlds.<\/p>\n\n\n\n<figure class=\"wp-block-image size-full\"><img fetchpriority=\"high\" decoding=\"async\" width=\"652\" height=\"444\" src=\"http:\/\/team-spielwiese.de\/wp-content\/uploads\/2023\/07\/zyro-image-1.jpg\" alt=\"So sah die Wiese in den ersten Jahren um 2007 aus.\" class=\"wp-image-303\" srcset=\"https:\/\/team-spielwiese.de\/wp-content\/uploads\/2023\/07\/zyro-image-1.jpg 652w, https:\/\/team-spielwiese.de\/wp-content\/uploads\/2023\/07\/zyro-image-1-300x204.jpg 300w, https:\/\/team-spielwiese.de\/wp-content\/uploads\/2023\/07\/zyro-image-1-18x12.jpg 18w\" sizes=\"(max-width: 652px) 100vw, 652px\" \/><\/figure>\n\n\n\n<p>Please note that bringing your own food and drinks is generally not allowed. This rule serves to secure the income of the playground and to avoid an increase in play fees. However, there is an exception if you would like to celebrate your birthday with us. In this case, you are welcome to bring your own birthday cake. Please book in advance.<\/p>\n\n\n\n<p>We would like to point out that it can often be very full at weekends. So if you want to come and play spontaneously on a Friday or Saturday, please call ahead to make sure there is still room for you. For long-term planning, it is usually sufficient to reserve places one week in advance. For booking information, please see our contact page.<\/p>\n\n\n\n<p>Card payment is now possible with us. You can conveniently pay for your purchases or match fees with your card.<\/p>\n\n\n\n<figure class=\"wp-block-image size-large\"><img decoding=\"async\" width=\"1024\" height=\"814\" src=\"http:\/\/team-spielwiese.de\/wp-content\/uploads\/2025\/08\/20250808_190307-1024x814.jpg\" alt=\"Seit unserer Renovierung im Juli 2025 haben wir noch mehr Regale f\u00fcr Spiele.\" class=\"wp-image-6321\" srcset=\"https:\/\/team-spielwiese.de\/wp-content\/uploads\/2025\/08\/20250808_190307-1024x814.jpg 1024w, https:\/\/team-spielwiese.de\/wp-content\/uploads\/2025\/08\/20250808_190307-300x238.jpg 300w, https:\/\/team-spielwiese.de\/wp-content\/uploads\/2025\/08\/20250808_190307-768x610.jpg 768w, https:\/\/team-spielwiese.de\/wp-content\/uploads\/2025\/08\/20250808_190307-1536x1220.jpg 1536w, https:\/\/team-spielwiese.de\/wp-content\/uploads\/2025\/08\/20250808_190307-2048x1627.jpg 2048w, https:\/\/team-spielwiese.de\/wp-content\/uploads\/2025\/08\/20250808_190307-15x12.jpg 15w\" sizes=\"(max-width: 1024px) 100vw, 1024px\" \/><figcaption class=\"wp-element-caption\">Seit Umbau im Juli 2025<\/figcaption><\/figure>","protected":false},"excerpt":{"rendered":"<p>Willkommen im Laden &amp; Caf\u00e9 der Spielwiese &#8211; Entdecke Spiele und genie\u00dfe gem\u00fctliche Stunden! In unserem einzigartigen Laden findest du Sch\u00e4tze, die du im klassischen Spielehandel nicht (mehr) bekommen kannst. Unser Sortiment wird nach den wichtigsten Spielemessen erweitert, sodass du stets die besten Neuheiten entdecken kannst. Neben den Spielen renommierter gro\u00dfer Verlage f\u00fchren wir auch&hellip;&nbsp;<\/p>","protected":false},"author":1,"featured_media":301,"parent":0,"menu_order":0,"comment_status":"closed","ping_status":"closed","template":"","meta":{"neve_meta_sidebar":"","neve_meta_container":"","neve_meta_enable_content_width":"","neve_meta_content_width":0,"neve_meta_title_alignment":"","neve_meta_author_avatar":"","neve_post_elements_order":"","neve_meta_disable_header":"","neve_meta_disable_footer":"","neve_meta_disable_title":"","footnotes":""},"class_list":["post-87","page","type-page","status-publish","has-post-thumbnail","hentry"],"jetpack_sharing_enabled":true,"_links":{"self":[{"href":"https:\/\/team-spielwiese.de\/en\/wp-json\/wp\/v2\/pages\/87","targetHints":{"allow":["GET"]}}],"collection":[{"href":"https:\/\/team-spielwiese.de\/en\/wp-json\/wp\/v2\/pages"}],"about":[{"href":"https:\/\/team-spielwiese.de\/en\/wp-json\/wp\/v2\/types\/page"}],"author":[{"embeddable":true,"href":"https:\/\/team-spielwiese.de\/en\/wp-json\/wp\/v2\/users\/1"}],"replies":[{"embeddable":true,"href":"https:\/\/team-spielwiese.de\/en\/wp-json\/wp\/v2\/comments?post=87"}],"version-history":[{"count":4,"href":"https:\/\/team-spielwiese.de\/en\/wp-json\/wp\/v2\/pages\/87\/revisions"}],"predecessor-version":[{"id":6366,"href":"https:\/\/team-spielwiese.de\/en\/wp-json\/wp\/v2\/pages\/87\/revisions\/6366"}],"wp:featuredmedia":[{"embeddable":true,"href":"https:\/\/team-spielwiese.de\/en\/wp-json\/wp\/v2\/media\/301"}],"wp:attachment":[{"href":"https:\/\/team-spielwiese.de\/en\/wp-json\/wp\/v2\/media?parent=87"}],"curies":[{"name":"wp","href":"https:\/\/api.w.org\/{rel}","templated":true}]}}